{"id":194,"date":"2024-03-24T11:38:24","date_gmt":"2024-03-24T11:38:24","guid":{"rendered":"https:\/\/budaorsiszekelykor.hu\/fooldal\/?page_id=194"},"modified":"2024-04-03T14:22:59","modified_gmt":"2024-04-03T14:22:59","slug":"kapcsolat","status":"publish","type":"page","link":"https:\/\/budaorsiszekelykor.hu\/fooldal\/kapcsolat\/","title":{"rendered":"Kapcsolat"},"content":{"rendered":"\t\t<div data-elementor-type=\"wp-page\" data-elementor-id=\"194\" class=\"elementor elementor-194\">\n\t\t\t\t\t\t<section class=\"elementor-section elementor-top-section elementor-element elementor-element-1c1ecd170 elementor-section-boxed elementor-section-height-default elementor-section-height-default wpr-particle-no wpr-jarallax-no wpr-parallax-no wpr-sticky-section-no\" data-id=\"1c1ecd170\" data-element_type=\"section\">\n\t\t\t\t\t\t<div class=\"elementor-container elementor-column-gap-default\">\n\t\t\t\t\t<div class=\"elementor-column elementor-col-100 elementor-top-column elementor-element elementor-element-1c27676d\" data-id=\"1c27676d\" data-element_type=\"column\">\n\t\t\t<div class=\"elementor-widget-wrap elementor-element-populated\">\n\t\t\t\t\t\t<div class=\"elementor-element elementor-element-e3b93df elementor-widget elementor-widget-heading\" data-id=\"e3b93df\" data-element_type=\"widget\" data-widget_type=\"heading.default\">\n\t\t\t\t<div class=\"elementor-widget-container\">\n\t\t\t\t\t<h2 class=\"elementor-heading-title elementor-size-default\">Kapcsolat<\/h2>\t\t\t\t<\/div>\n\t\t\t\t<\/div>\n\t\t\t\t<section class=\"elementor-section elementor-inner-section elementor-element elementor-element-60ce3cac elementor-section-boxed elementor-section-height-default elementor-section-height-default wpr-particle-no wpr-jarallax-no wpr-parallax-no\" data-id=\"60ce3cac\" data-element_type=\"section\">\n\t\t\t\t\t\t<div class=\"elementor-container elementor-column-gap-extended\">\n\t\t\t\t\t<div class=\"elementor-column elementor-col-50 elementor-inner-column elementor-element elementor-element-45dd98a7\" data-id=\"45dd98a7\" data-element_type=\"column\">\n\t\t\t<div class=\"elementor-widget-wrap elementor-element-populated\">\n\t\t\t\t\t\t<div class=\"elementor-element elementor-element-26fb1182 wpr-team-member-divider-center wpr-team-member-social-media-center elementor-widget elementor-widget-wpr-team-member\" data-id=\"26fb1182\" data-element_type=\"widget\" data-widget_type=\"wpr-team-member.default\">\n\t\t\t\t<div class=\"elementor-widget-container\">\n\t\t\t\t\t\n\t<div class=\"wpr-team-member\">\n\t\t\t\t\t\n\t\t\t<div class=\"wpr-member-media\">\n\t\t\t\t<div class=\"wpr-member-image\">\n\t\t\t\t\t<img decoding=\"async\" src=\"https:\/\/budaorsiszekelykor.hu\/wp-content\/uploads\/2024\/03\/Gl-PlSndor.jpg\" alt=\"\u200b\u200bG\u00e1l-P\u00e1l S\u00e1ndor\">\n\t\t\t\t<\/div>\n\t\t\t\t\t\t\t<\/div>\n\t\t\t\t\n\t\t\n\t\t<div class=\"wpr-member-content\">\n\t\t\t<h3 class=\"wpr-member-name\">\u200b\u200bG\u00e1l-P\u00e1l S\u00e1ndor<\/h3>\n\t\t\t\n\t\t\t\t\t\t\t<div class=\"wpr-member-job\">eln\u00f6k<\/div>\n\t\t\t\n\t\t\t\t\t\t\t<div class=\"wpr-member-divider\"><\/div>\n\t\t\t\n\t\t\t\t\t\t\t<div class=\"wpr-member-description\">\u200b\u200bsandor.galpal@budaorsiszekelykor.hu<\/div>\n\t\t\t\t\t\t\n\t\t\t<div class=\"wpr-member-btn-wrap\"><a class=\"wpr-member-btn wpr-button-effect wpr-button-none\" href=\"mailto:\u200b\u200bsandor.galpal@budaorsiszekelykor.hu\"><span>E-mail k\u00fcld\u00e9se<\/span><\/a><\/div>\t\t<\/div>\n\n\t\t\t<\/div>\n\n\t\t\t\t\t<\/div>\n\t\t\t\t<\/div>\n\t\t\t\t\t<\/div>\n\t\t<\/div>\n\t\t\t\t<div class=\"elementor-column elementor-col-50 elementor-inner-column elementor-element elementor-element-3a010a99\" data-id=\"3a010a99\" data-element_type=\"column\">\n\t\t\t<div class=\"elementor-widget-wrap elementor-element-populated\">\n\t\t\t\t\t\t<div class=\"elementor-element elementor-element-3d450c2f wpr-team-member-divider-center wpr-team-member-social-media-center elementor-widget elementor-widget-wpr-team-member\" data-id=\"3d450c2f\" data-element_type=\"widget\" data-widget_type=\"wpr-team-member.default\">\n\t\t\t\t<div class=\"elementor-widget-container\">\n\t\t\t\t\t\n\t<div class=\"wpr-team-member\">\n\t\t\t\t\t\n\t\t\t<div class=\"wpr-member-media\">\n\t\t\t\t<div class=\"wpr-member-image\">\n\t\t\t\t\t<img decoding=\"async\" src=\"https:\/\/budaorsiszekelykor.hu\/wp-content\/uploads\/2024\/03\/SzilgyiAndrsLevente.jpg\" alt=\"\u200b\u200bSzil\u00e1gyi Andr\u00e1s Levente\">\n\t\t\t\t<\/div>\n\t\t\t\t\t\t\t<\/div>\n\t\t\t\t\n\t\t\n\t\t<div class=\"wpr-member-content\">\n\t\t\t<h3 class=\"wpr-member-name\">\u200b\u200bSzil\u00e1gyi Andr\u00e1s Levente<\/h3>\n\t\t\t\n\t\t\t\t\t\t\t<div class=\"wpr-member-job\">alap\u00edt\u00f3 tag<\/div>\n\t\t\t\n\t\t\t\t\t\t\t<div class=\"wpr-member-divider\"><\/div>\n\t\t\t\n\t\t\t\t\t\t\t<div class=\"wpr-member-description\">\u200b\u200bandras.szilagyi@budaorsiszekelykor.hu<\/div>\n\t\t\t\t\t\t\n\t\t\t<div class=\"wpr-member-btn-wrap\"><a class=\"wpr-member-btn wpr-button-effect wpr-button-none\" href=\"mailto:\u200b\u200bandras.szilagyi@budaorsiszekelykor.hu\"><span>E-mail k\u00fcld\u00e9se<\/span><\/a><\/div>\t\t<\/div>\n\n\t\t\t<\/div>\n\n\t\t\t\t\t<\/div>\n\t\t\t\t<\/div>\n\t\t\t\t\t<\/div>\n\t\t<\/div>\n\t\t\t\t\t<\/div>\n\t\t<\/section>\n\t\t\t\t\t<\/div>\n\t\t<\/div>\n\t\t\t\t\t<\/div>\n\t\t<\/section>\n\t\t\t\t<\/div>\n\t\t","protected":false},"excerpt":{"rendered":"<p>Kapcsolat \u200b\u200bG\u00e1l-P\u00e1l S\u00e1ndor eln\u00f6k \u200b\u200bsandor.galpal@budaorsiszekelykor.hu E-mail k\u00fcld\u00e9se \u200b\u200bSzil\u00e1gyi Andr\u00e1s Levente alap\u00edt\u00f3 tag \u200b\u200bandras.szilagyi@budaorsiszekelykor.hu E-mail k\u00fcld\u00e9se<\/p>\n","protected":false},"author":1,"featured_media":0,"parent":0,"menu_order":0,"comment_status":"closed","ping_status":"closed","template":"","meta":{"site-sidebar-layout":"no-sidebar","site-content-layout":"","ast-site-content-layout":"full-width-container","site-content-style":"default","site-sidebar-style":"default","ast-global-header-display":"","ast-banner-title-visibility":"","ast-main-header-display":"","ast-hfb-above-header-display":"","ast-hfb-below-header-display":"","ast-hfb-mobile-header-display":"","site-post-title":"disabled","ast-breadcrumbs-content":"","ast-featured-img":"disabled","footer-sml-layout":"","theme-transparent-header-meta":"","adv-header-id-meta":"","stick-header-meta":"","header-above-stick-meta":"","header-main-stick-meta":"","header-below-stick-meta":"","astra-migrate-meta-layouts":"default","ast-page-background-enabled":"default","ast-page-background-meta":{"desktop":{"background-color":"var(--ast-global-color-4)","background-image":"","background-repeat":"repeat","background-position":"center center","background-size":"auto","background-attachment":"scroll","background-type":"","background-media":"","overlay-type":"","overlay-color":"","overlay-opacity":"","overlay-gradient":""},"tablet":{"background-color":"","background-image":"","background-repeat":"repeat","background-position":"center center","background-size":"auto","background-attachment":"scroll","background-type":"","background-media":"","overlay-type":"","overlay-color":"","overlay-opacity":"","overlay-gradient":""},"mobile":{"background-color":"","background-image":"","background-repeat":"repeat","background-position":"center center","background-size":"auto","background-attachment":"scroll","background-type":"","background-media":"","overlay-type":"","overlay-color":"","overlay-opacity":"","overlay-gradient":""}},"ast-content-background-meta":{"desktop":{"background-color":"var(--ast-global-color-5)","background-image":"","background-repeat":"repeat","background-position":"center center","background-size":"auto","background-attachment":"scroll","background-type":"","background-media":"","overlay-type":"","overlay-color":"","overlay-opacity":"","overlay-gradient":""},"tablet":{"background-color":"var(--ast-global-color-5)","background-image":"","background-repeat":"repeat","background-position":"center center","background-size":"auto","background-attachment":"scroll","background-type":"","background-media":"","overlay-type":"","overlay-color":"","overlay-opacity":"","overlay-gradient":""},"mobile":{"background-color":"var(--ast-global-color-5)","background-image":"","background-repeat":"repeat","background-position":"center center","background-size":"auto","background-attachment":"scroll","background-type":"","background-media":"","overlay-type":"","overlay-color":"","overlay-opacity":"","overlay-gradient":""}},"footnotes":""},"class_list":["post-194","page","type-page","status-publish","hentry"],"_links":{"self":[{"href":"https:\/\/budaorsiszekelykor.hu\/fooldal\/wp-json\/wp\/v2\/pages\/194","targetHints":{"allow":["GET"]}}],"collection":[{"href":"https:\/\/budaorsiszekelykor.hu\/fooldal\/wp-json\/wp\/v2\/pages"}],"about":[{"href":"https:\/\/budaorsiszekelykor.hu\/fooldal\/wp-json\/wp\/v2\/types\/page"}],"author":[{"embeddable":true,"href":"https:\/\/budaorsiszekelykor.hu\/fooldal\/wp-json\/wp\/v2\/users\/1"}],"replies":[{"embeddable":true,"href":"https:\/\/budaorsiszekelykor.hu\/fooldal\/wp-json\/wp\/v2\/comments?post=194"}],"version-history":[{"count":25,"href":"https:\/\/budaorsiszekelykor.hu\/fooldal\/wp-json\/wp\/v2\/pages\/194\/revisions"}],"predecessor-version":[{"id":499,"href":"https:\/\/budaorsiszekelykor.hu\/fooldal\/wp-json\/wp\/v2\/pages\/194\/revisions\/499"}],"wp:attachment":[{"href":"https:\/\/budaorsiszekelykor.hu\/fooldal\/wp-json\/wp\/v2\/media?parent=194"}],"curies":[{"name":"wp","href":"https:\/\/api.w.org\/{rel}","templated":true}]}}